{"id":5,"date":"2026-04-01T20:13:39","date_gmt":"2026-04-01T20:13:39","guid":{"rendered":"https:\/\/dev.petruskevich.com\/?page_id=5"},"modified":"2026-04-01T20:13:39","modified_gmt":"2026-04-01T20:13:39","slug":"about","status":"publish","type":"page","link":"https:\/\/dev.petruskevich.com\/lt\/about\/","title":{"rendered":"Apie"},"content":{"rendered":"","protected":false},"excerpt":{"rendered":"","protected":false},"author":0,"featured_media":0,"parent":0,"menu_order":0,"comment_status":"closed","ping_status":"closed","template":"templates\/template-about.php","meta":{"_acf_changed":false,"footnotes":""},"class_list":["post-5","page","type-page","status-publish","hentry"],"acf":[],"yoast_head":"<!-- This site is optimized with the Yoast SEO plugin v27.3 - https:\/\/yoast.com\/product\/yoast-seo-wordpress\/ -->\n<title>About Petruskevich \u2014 Solo Web &amp; AI Agency | Harish, Israel<\/title>\n<meta name=\"description\" content=\"10+ years of web development experience. Personal service, 5 languages, AI-first approach. Building digital solutions for businesses across Israel and Europe.\" \/>\n<meta name=\"robots\" content=\"noindex, follow, max-snippet:-1, max-image-preview:large, max-video-preview:-1\" \/>\n<meta property=\"og:locale\" content=\"lt_LT\" \/>\n<meta property=\"og:type\" content=\"article\" \/>\n<meta property=\"og:title\" content=\"About Petruskevich \u2014 Solo Web &amp; AI Agency | Harish, Israel\" \/>\n<meta property=\"og:description\" content=\"10+ years of web development experience. Personal service, 5 languages, AI-first approach. Building digital solutions for businesses across Israel and Europe.\" \/>\n<meta property=\"og:url\" content=\"https:\/\/dev.petruskevich.com\/lt\/about\/\" \/>\n<meta property=\"og:site_name\" content=\"Petruskevich Dev\" \/>\n<meta property=\"og:image\" content=\"https:\/\/dev.petruskevich.com\/wp-content\/uploads\/2026\/04\/og-image-petruskevich-1.jpg\" \/>\n\t<meta property=\"og:image:width\" content=\"1024\" \/>\n\t<meta property=\"og:image:height\" content=\"1024\" \/>\n\t<meta property=\"og:image:type\" content=\"image\/jpeg\" \/>\n<meta name=\"twitter:card\" content=\"summary_large_image\" \/>\n<meta name=\"twitter:image\" content=\"https:\/\/dev.petruskevich.com\/wp-content\/uploads\/2026\/04\/og-image-petruskevich.jpg\" \/>\n<script type=\"application\/ld+json\" class=\"yoast-schema-graph\">{\"@context\":\"https:\\\/\\\/schema.org\",\"@graph\":[{\"@type\":\"WebPage\",\"@id\":\"https:\\\/\\\/dev.petruskevich.com\\\/about\\\/\",\"url\":\"https:\\\/\\\/dev.petruskevich.com\\\/about\\\/\",\"name\":\"About Petruskevich \u2014 Solo Web & AI Agency | Harish, Israel\",\"isPartOf\":{\"@id\":\"https:\\\/\\\/dev.petruskevich.com\\\/#website\"},\"datePublished\":\"2026-04-01T20:13:39+00:00\",\"description\":\"10+ years of web development experience. Personal service, 5 languages, AI-first approach. Building digital solutions for businesses across Israel and Europe.\",\"breadcrumb\":{\"@id\":\"https:\\\/\\\/dev.petruskevich.com\\\/about\\\/#breadcrumb\"},\"inLanguage\":\"lt-LT\",\"potentialAction\":[{\"@type\":\"ReadAction\",\"target\":[\"https:\\\/\\\/dev.petruskevich.com\\\/about\\\/\"]}]},{\"@type\":\"BreadcrumbList\",\"@id\":\"https:\\\/\\\/dev.petruskevich.com\\\/about\\\/#breadcrumb\",\"itemListElement\":[{\"@type\":\"ListItem\",\"position\":1,\"name\":\"Home\",\"item\":\"https:\\\/\\\/dev.petruskevich.com\\\/\"},{\"@type\":\"ListItem\",\"position\":2,\"name\":\"About\"}]},{\"@type\":\"WebSite\",\"@id\":\"https:\\\/\\\/dev.petruskevich.com\\\/#website\",\"url\":\"https:\\\/\\\/dev.petruskevich.com\\\/\",\"name\":\"Petruskevich Dev\",\"description\":\"\",\"potentialAction\":[{\"@type\":\"SearchAction\",\"target\":{\"@type\":\"EntryPoint\",\"urlTemplate\":\"https:\\\/\\\/dev.petruskevich.com\\\/?s={search_term_string}\"},\"query-input\":{\"@type\":\"PropertyValueSpecification\",\"valueRequired\":true,\"valueName\":\"search_term_string\"}}],\"inLanguage\":\"lt-LT\"}]}<\/script>\n<!-- \/ Yoast SEO plugin. -->","yoast_head_json":{"title":"Apie Petruskevich \u2014 Solo Web &amp; AI Agent\u016br\u0105 | Harish, Izraelis","description":"10+ met\u0173 patirtis tinklo programavimo srityje. Asmeninis paslaug\u0173 prieinamumas, 5 kalbos, AI pirmasis abatas. K\u016brimas digitali\u0173 sprendim\u0173 \u012fmon\u0117ms Izraelio ir Europos regionuose.","robots":{"index":"noindex","follow":"follow","max-snippet":"max-snippet:-1","max-image-preview":"max-image-preview:large","max-video-preview":"max-video-preview:-1"},"og_locale":"lt_LT","og_type":"article","og_title":"About Petruskevich \u2014 Solo Web & AI Agency | Harish, Israel","og_description":"10+ years of web development experience. Personal service, 5 languages, AI-first approach. Building digital solutions for businesses across Israel and Europe.","og_url":"https:\/\/dev.petruskevich.com\/lt\/about\/","og_site_name":"Petruskevich Dev","og_image":[{"width":1024,"height":1024,"url":"https:\/\/dev.petruskevich.com\/wp-content\/uploads\/2026\/04\/og-image-petruskevich-1.jpg","type":"image\/jpeg"}],"twitter_card":"summary_large_image","twitter_image":"https:\/\/dev.petruskevich.com\/wp-content\/uploads\/2026\/04\/og-image-petruskevich.jpg","schema":{"@context":"https:\/\/schema.org","@graph":[{"@type":"WebPage","@id":"https:\/\/dev.petruskevich.com\/about\/","url":"https:\/\/dev.petruskevich.com\/about\/","name":"Apie Petruskevich \u2014 Solo Web &amp; AI Agent\u016br\u0105 | Harish, Izraelis","isPartOf":{"@id":"https:\/\/dev.petruskevich.com\/#website"},"datePublished":"2026-04-01T20:13:39+00:00","description":"10+ met\u0173 patirtis tinklo programavimo srityje. Asmeninis paslaug\u0173 prieinamumas, 5 kalbos, AI pirmasis abatas. K\u016brimas digitali\u0173 sprendim\u0173 \u012fmon\u0117ms Izraelio ir Europos regionuose.","breadcrumb":{"@id":"https:\/\/dev.petruskevich.com\/about\/#breadcrumb"},"inLanguage":"lt-LT","potentialAction":[{"@type":"ReadAction","target":["https:\/\/dev.petruskevich.com\/about\/"]}]},{"@type":"BreadcrumbList","@id":"https:\/\/dev.petruskevich.com\/about\/#breadcrumb","itemListElement":[{"@type":"ListItem","position":1,"name":"Home","item":"https:\/\/dev.petruskevich.com\/"},{"@type":"ListItem","position":2,"name":"About"}]},{"@type":"WebSite","@id":"https:\/\/dev.petruskevich.com\/#website","url":"https:\/\/dev.petruskevich.com\/","name":"14. Petruskevich Dev","description":"","potentialAction":[{"@type":"SearchAction","target":{"@type":"EntryPoint","urlTemplate":"https:\/\/dev.petruskevich.com\/?s={search_term_string}"},"query-input":{"@type":"PropertyValueSpecification","valueRequired":true,"valueName":"search_term_string"}}],"inLanguage":"lt-LT"}]}},"_links":{"self":[{"href":"https:\/\/dev.petruskevich.com\/lt\/wp-json\/wp\/v2\/pages\/5","targetHints":{"allow":["GET"]}}],"collection":[{"href":"https:\/\/dev.petruskevich.com\/lt\/wp-json\/wp\/v2\/pages"}],"about":[{"href":"https:\/\/dev.petruskevich.com\/lt\/wp-json\/wp\/v2\/types\/page"}],"replies":[{"embeddable":true,"href":"https:\/\/dev.petruskevich.com\/lt\/wp-json\/wp\/v2\/comments?post=5"}],"version-history":[{"count":0,"href":"https:\/\/dev.petruskevich.com\/lt\/wp-json\/wp\/v2\/pages\/5\/revisions"}],"wp:attachment":[{"href":"https:\/\/dev.petruskevich.com\/lt\/wp-json\/wp\/v2\/media?parent=5"}],"curies":[{"name":"WordPress","href":"https:\/\/api.w.org\/{rel}","templated":true}]}}