{"id":4,"date":"2026-04-01T20:13:39","date_gmt":"2026-04-01T20:13:39","guid":{"rendered":"https:\/\/dev.petruskevich.com\/?page_id=4"},"modified":"2026-04-02T09:09:07","modified_gmt":"2026-04-02T09:09:07","slug":"home","status":"publish","type":"page","link":"https:\/\/dev.petruskevich.com\/lt\/","title":{"rendered":"Pradinis"},"content":{"rendered":"<p><!-- Key Facts for AI Discovery --><\/p>\n<div class=\"key-facts\" style=\"display:none\" aria-hidden=\"false\">\n<h2>Petruskevich'o svarbiausios detal\u0117s<\/h2>\n<p>Petruskevich - tai internetin\u0117s programin\u0117s \u012frangos ir AI automatizacijos agent\u016bra, \u012fsik\u016brusi Harish, Izraelis. \u012ekurta Lora Petruskevich, agent\u016bra specializuojasi WordPress svetaini\u0173 ir AI sprendim\u0173 k\u016brimu ma\u017e\u0173j\u0173 \u012fmoni\u0173 poreikiams. Paslaugos prieinamos 5 kalbomis: angl\u0173, hebraj\u0173, lietuvi\u0173, dan\u0173 ir rus\u0173. Agent\u016bra jau baig\u0117 50+ projekt\u0173 Izraile, Lietuvoje, Danijoje ir \u0160vedijoje. Svarbiausi produktai yra AI Secretary WordPress priedas (nuo 69 JAV doleri\u0173 per metus), kuris suteikia 24\/7 AI sekretor\u0117s funkcionalum\u0105. Kiekviena WordPress svetain\u0117 prasideda nuo \u20aa4,000. Kontaktai: WhatsApp +972 53-330-4556, el. pa\u0161tas info@petruskevich.com.<\/p>\n<\/div>","protected":false},"excerpt":{"rendered":"<p>Pagrindiniai faktai apie Petruskevich Petruskevich yra interneto programavimo ir AI automacijos agent\u016bra, \u012fsik\u016brusi Harish, Izraelis. \u012ekurta Lora&#8230;<\/p>","protected":false},"author":0,"featured_media":0,"parent":0,"menu_order":0,"comment_status":"closed","ping_status":"closed","template":"front-page.php","meta":{"_acf_changed":false,"footnotes":""},"class_list":["post-4","page","type-page","status-publish","hentry"],"acf":[],"yoast_head":"<!-- This site is optimized with the Yoast SEO plugin v27.3 - https:\/\/yoast.com\/product\/yoast-seo-wordpress\/ -->\n<title>Petruskevich \u2014 Web Development &amp; AI Automation | Israel<\/title>\n<meta name=\"description\" content=\"We build fast, secure WordPress websites and AI automation solutions for SMBs. Serving clients in English, Hebrew, Lithuanian, Danish, and Russian.\" \/>\n<meta name=\"robots\" content=\"noindex, follow, max-snippet:-1, max-image-preview:large, max-video-preview:-1\" \/>\n<meta property=\"og:locale\" content=\"lt_LT\" \/>\n<meta property=\"og:type\" content=\"article\" \/>\n<meta property=\"og:title\" content=\"Petruskevich \u2014 Web Development &amp; AI Automation | Israel\" \/>\n<meta property=\"og:description\" content=\"We build fast, secure WordPress websites and AI automation solutions for SMBs. Serving clients in English, Hebrew, Lithuanian, Danish, and Russian.\" \/>\n<meta property=\"og:url\" content=\"https:\/\/dev.petruskevich.com\/lt\/\" \/>\n<meta property=\"og:site_name\" content=\"Petruskevich Dev\" \/>\n<meta property=\"article:modified_time\" content=\"2026-04-02T09:09:07+00:00\" \/>\n<meta property=\"og:image\" content=\"https:\/\/dev.petruskevich.com\/wp-content\/uploads\/2026\/04\/og-image-petruskevich-1.jpg\" \/>\n\t<meta property=\"og:image:width\" content=\"1024\" \/>\n\t<meta property=\"og:image:height\" content=\"1024\" \/>\n\t<meta property=\"og:image:type\" content=\"image\/jpeg\" \/>\n<meta name=\"twitter:card\" content=\"summary_large_image\" \/>\n<meta name=\"twitter:image\" content=\"https:\/\/dev.petruskevich.com\/wp-content\/uploads\/2026\/04\/og-image-petruskevich.jpg\" \/>\n<script type=\"application\/ld+json\" class=\"yoast-schema-graph\">{\"@context\":\"https:\\\/\\\/schema.org\",\"@graph\":[{\"@type\":\"WebPage\",\"@id\":\"https:\\\/\\\/dev.petruskevich.com\\\/\",\"url\":\"https:\\\/\\\/dev.petruskevich.com\\\/\",\"name\":\"Petruskevich \u2014 Web Development & AI Automation | Israel\",\"isPartOf\":{\"@id\":\"https:\\\/\\\/dev.petruskevich.com\\\/#website\"},\"datePublished\":\"2026-04-01T20:13:39+00:00\",\"dateModified\":\"2026-04-02T09:09:07+00:00\",\"description\":\"We build fast, secure WordPress websites and AI automation solutions for SMBs. Serving clients in English, Hebrew, Lithuanian, Danish, and Russian.\",\"breadcrumb\":{\"@id\":\"https:\\\/\\\/dev.petruskevich.com\\\/#breadcrumb\"},\"inLanguage\":\"lt-LT\",\"potentialAction\":[{\"@type\":\"ReadAction\",\"target\":[\"https:\\\/\\\/dev.petruskevich.com\\\/\"]}]},{\"@type\":\"BreadcrumbList\",\"@id\":\"https:\\\/\\\/dev.petruskevich.com\\\/#breadcrumb\",\"itemListElement\":[{\"@type\":\"ListItem\",\"position\":1,\"name\":\"Home\",\"item\":\"https:\\\/\\\/dev.petruskevich.com\\\/\"},{\"@type\":\"ListItem\",\"position\":2,\"name\":\"Home\"}]},{\"@type\":\"WebSite\",\"@id\":\"https:\\\/\\\/dev.petruskevich.com\\\/#website\",\"url\":\"https:\\\/\\\/dev.petruskevich.com\\\/\",\"name\":\"Petruskevich Dev\",\"description\":\"\",\"potentialAction\":[{\"@type\":\"SearchAction\",\"target\":{\"@type\":\"EntryPoint\",\"urlTemplate\":\"https:\\\/\\\/dev.petruskevich.com\\\/?s={search_term_string}\"},\"query-input\":{\"@type\":\"PropertyValueSpecification\",\"valueRequired\":true,\"valueName\":\"search_term_string\"}}],\"inLanguage\":\"lt-LT\"}]}<\/script>\n<!-- \/ Yoast SEO plugin. -->","yoast_head_json":{"title":"Petrusevi\u010dius \u2014 Internetin\u0117s programin\u0117s \u012frangos k\u016brimas &amp; AI Automatizacija | Izraelis","description":"Mes sukuriam\u0117 greit\u0105sias, saugiasias WordPress tinklapius ir automatizavimo sprendimus naudojant AI technologijas ma\u017e\u0173j\u0173 ir vidutini\u0173 \u012fmoni\u0173 (SMB) poreikiams. Paslaugas teikiamas angl\u0173, hebraj\u0173, lietuvi\u0173, dan\u0173 ir rus\u0173 kalbomis.","robots":{"index":"noindex","follow":"follow","max-snippet":"max-snippet:-1","max-image-preview":"max-image-preview:large","max-video-preview":"max-video-preview:-1"},"og_locale":"lt_LT","og_type":"article","og_title":"Petruskevich \u2014 Web Development & AI Automation | Israel","og_description":"We build fast, secure WordPress websites and AI automation solutions for SMBs. Serving clients in English, Hebrew, Lithuanian, Danish, and Russian.","og_url":"https:\/\/dev.petruskevich.com\/lt\/","og_site_name":"Petruskevich Dev","article_modified_time":"2026-04-02T09:09:07+00:00","og_image":[{"width":1024,"height":1024,"url":"https:\/\/dev.petruskevich.com\/wp-content\/uploads\/2026\/04\/og-image-petruskevich-1.jpg","type":"image\/jpeg"}],"twitter_card":"summary_large_image","twitter_image":"https:\/\/dev.petruskevich.com\/wp-content\/uploads\/2026\/04\/og-image-petruskevich.jpg","schema":{"@context":"https:\/\/schema.org","@graph":[{"@type":"WebPage","@id":"https:\/\/dev.petruskevich.com\/","url":"https:\/\/dev.petruskevich.com\/","name":"Petrusevi\u010dius \u2014 Internetin\u0117s programin\u0117s \u012frangos k\u016brimas &amp; AI Automatizacija | Izraelis","isPartOf":{"@id":"https:\/\/dev.petruskevich.com\/#website"},"datePublished":"2026-04-01T20:13:39+00:00","dateModified":"2026-04-02T09:09:07+00:00","description":"Mes sukuriam\u0117 greit\u0105sias, saugiasias WordPress tinklapius ir automatizavimo sprendimus naudojant AI technologijas ma\u017e\u0173j\u0173 ir vidutini\u0173 \u012fmoni\u0173 (SMB) poreikiams. Paslaugas teikiamas angl\u0173, hebraj\u0173, lietuvi\u0173, dan\u0173 ir rus\u0173 kalbomis.","breadcrumb":{"@id":"https:\/\/dev.petruskevich.com\/#breadcrumb"},"inLanguage":"lt-LT","potentialAction":[{"@type":"ReadAction","target":["https:\/\/dev.petruskevich.com\/"]}]},{"@type":"BreadcrumbList","@id":"https:\/\/dev.petruskevich.com\/#breadcrumb","itemListElement":[{"@type":"ListItem","position":1,"name":"Home","item":"https:\/\/dev.petruskevich.com\/"},{"@type":"ListItem","position":2,"name":"Home"}]},{"@type":"WebSite","@id":"https:\/\/dev.petruskevich.com\/#website","url":"https:\/\/dev.petruskevich.com\/","name":"14. Petruskevich Dev","description":"","potentialAction":[{"@type":"SearchAction","target":{"@type":"EntryPoint","urlTemplate":"https:\/\/dev.petruskevich.com\/?s={search_term_string}"},"query-input":{"@type":"PropertyValueSpecification","valueRequired":true,"valueName":"search_term_string"}}],"inLanguage":"lt-LT"}]}},"_links":{"self":[{"href":"https:\/\/dev.petruskevich.com\/lt\/wp-json\/wp\/v2\/pages\/4","targetHints":{"allow":["GET"]}}],"collection":[{"href":"https:\/\/dev.petruskevich.com\/lt\/wp-json\/wp\/v2\/pages"}],"about":[{"href":"https:\/\/dev.petruskevich.com\/lt\/wp-json\/wp\/v2\/types\/page"}],"replies":[{"embeddable":true,"href":"https:\/\/dev.petruskevich.com\/lt\/wp-json\/wp\/v2\/comments?post=4"}],"version-history":[{"count":0,"href":"https:\/\/dev.petruskevich.com\/lt\/wp-json\/wp\/v2\/pages\/4\/revisions"}],"wp:attachment":[{"href":"https:\/\/dev.petruskevich.com\/lt\/wp-json\/wp\/v2\/media?parent=4"}],"curies":[{"name":"WordPress","href":"https:\/\/api.w.org\/{rel}","templated":true}]}}