{"id":15,"date":"2026-04-01T20:14:10","date_gmt":"2026-04-01T20:14:10","guid":{"rendered":"https:\/\/dev.petruskevich.com\/?page_id=15"},"modified":"2026-04-01T20:14:10","modified_gmt":"2026-04-01T20:14:10","slug":"accessibility","status":"publish","type":"page","link":"https:\/\/dev.petruskevich.com\/lt\/accessibility\/","title":{"rendered":"Prieinamumas"},"content":{"rendered":"","protected":false},"excerpt":{"rendered":"","protected":false},"author":0,"featured_media":0,"parent":0,"menu_order":0,"comment_status":"closed","ping_status":"closed","template":"templates\/template-accessibility.php","meta":{"_acf_changed":false,"footnotes":""},"class_list":["post-15","page","type-page","status-publish","hentry"],"acf":[],"yoast_head":"<!-- This site is optimized with the Yoast SEO plugin v27.3 - https:\/\/yoast.com\/product\/yoast-seo-wordpress\/ -->\n<title>Accessibility Statement | Petruskevich<\/title>\n<meta name=\"description\" content=\"Accessibility statement for petruskevich.com\" \/>\n<meta name=\"robots\" content=\"noindex, follow\" \/>\n<meta property=\"og:locale\" content=\"lt_LT\" \/>\n<meta property=\"og:type\" content=\"article\" \/>\n<meta property=\"og:title\" content=\"Accessibility Statement | Petruskevich\" \/>\n<meta property=\"og:description\" content=\"Accessibility statement for petruskevich.com\" \/>\n<meta property=\"og:url\" content=\"https:\/\/dev.petruskevich.com\/lt\/accessibility\/\" \/>\n<meta property=\"og:site_name\" content=\"Petruskevich Dev\" \/>\n<meta property=\"og:image\" content=\"https:\/\/dev.petruskevich.com\/wp-content\/uploads\/2026\/04\/og-image-petruskevich-1.jpg\" \/>\n\t<meta property=\"og:image:width\" content=\"1024\" \/>\n\t<meta property=\"og:image:height\" content=\"1024\" \/>\n\t<meta property=\"og:image:type\" content=\"image\/jpeg\" \/>\n<meta name=\"twitter:card\" content=\"summary_large_image\" \/>\n<meta name=\"twitter:image\" content=\"https:\/\/dev.petruskevich.com\/wp-content\/uploads\/2026\/04\/og-image-petruskevich.jpg\" \/>\n<script type=\"application\/ld+json\" class=\"yoast-schema-graph\">{\"@context\":\"https:\\\/\\\/schema.org\",\"@graph\":[{\"@type\":\"WebPage\",\"@id\":\"https:\\\/\\\/dev.petruskevich.com\\\/accessibility\\\/\",\"url\":\"https:\\\/\\\/dev.petruskevich.com\\\/accessibility\\\/\",\"name\":\"Accessibility Statement | Petruskevich\",\"isPartOf\":{\"@id\":\"https:\\\/\\\/dev.petruskevich.com\\\/#website\"},\"datePublished\":\"2026-04-01T20:14:10+00:00\",\"description\":\"Accessibility statement for petruskevich.com\",\"breadcrumb\":{\"@id\":\"https:\\\/\\\/dev.petruskevich.com\\\/accessibility\\\/#breadcrumb\"},\"inLanguage\":\"lt-LT\",\"potentialAction\":[{\"@type\":\"ReadAction\",\"target\":[\"https:\\\/\\\/dev.petruskevich.com\\\/accessibility\\\/\"]}]},{\"@type\":\"BreadcrumbList\",\"@id\":\"https:\\\/\\\/dev.petruskevich.com\\\/accessibility\\\/#breadcrumb\",\"itemListElement\":[{\"@type\":\"ListItem\",\"position\":1,\"name\":\"Home\",\"item\":\"https:\\\/\\\/dev.petruskevich.com\\\/\"},{\"@type\":\"ListItem\",\"position\":2,\"name\":\"Accessibility\"}]},{\"@type\":\"WebSite\",\"@id\":\"https:\\\/\\\/dev.petruskevich.com\\\/#website\",\"url\":\"https:\\\/\\\/dev.petruskevich.com\\\/\",\"name\":\"Petruskevich Dev\",\"description\":\"\",\"potentialAction\":[{\"@type\":\"SearchAction\",\"target\":{\"@type\":\"EntryPoint\",\"urlTemplate\":\"https:\\\/\\\/dev.petruskevich.com\\\/?s={search_term_string}\"},\"query-input\":{\"@type\":\"PropertyValueSpecification\",\"valueRequired\":true,\"valueName\":\"search_term_string\"}}],\"inLanguage\":\"lt-LT\"}]}<\/script>\n<!-- \/ Yoast SEO plugin. -->","yoast_head_json":{"title":"Prieigos prie\u017eastis | Petruskevi\u010dius","description":"Prieigos prie\u017evalgos petruskevich.com straipsnis. \n\n\u0160iame puslapyje pateikiama informacija apie petruskevich.com tinklo prieigos specifikacijas bei paslaugas, kurios yra skirtos prieigos problem\u0173 i\u0161spr\u0119sdimui. \n\n\u0160is puslapis yra kuriamas naudojant WordPress platform\u0105. \n\nPrieigos prie\u017evalgos \n\n\u0160is puslapis yra kuriamas taip, kad visi vartotojai gal\u0117t\u0173 naudotis jo funkcionalumis, ta\u010diau jei jums atsiranda problem\u0173, pra\u0161ome susisiekti su m\u016bsu komanda per WhatsApp. \n\n\u0160is puslapis yra kuriamas taip, kad jis b\u016bt\u0173 prieinamas visiems, ta\u010diau jei jums atsiranda problem\u0173, pra\u0161ome susisiekti su m\u016bsu komanda per Google. \n\n\u0160is puslapis yra kuriamas taip, kad jis b\u016bt\u0173 prieinamas visiems, ta\u010diau jei jums atsiranda problem\u0173, pra\u0161ome susisiekti su m\u016bsu komanda per Google. \n\n\u0160is puslapis yra kuriamas taip, kad jis b\u016bt\u0173 prieinamas visiems, ta\u010diau jei jums atsiranda problem\u0173, pra\u0161ome susisiekti su m\u016bsu komanda per Google. \n\n\u0160is puslapis yra kuriamas taip, kad jis b\u016bt\u0173 prieinamas visiems, ta\u010diau jei jums atsiranda problem\u0173, pra\u0161ome susisiekti su m\u016bsu komanda per Google. \n\n\u0160is puslapis yra kuriamas taip, kad jis b\u016bt\u0173 prieinamas visiems, ta\u010diau jei jums atsiranda problem\u0173, pra\u0161ome susisiekti su m\u016bsu komanda per Google. \n\n\u0160is puslapis yra kuriamas taip, kad jis b\u016bt\u0173 prieinamas visiems, ta\u010diau jei jums atsiranda problem\u0173, pra\u0161ome susisiekti su m\u016bsu komanda per Google. \n\n\u0160is puslapis yra kuriamas taip, kad jis b\u016bt\u0173 prieinamas visiems, ta\u010diau jei jums atsiranda problem\u0173, pra\u0161ome susisiekti su m\u016bsu komanda per Google. \n\n\u0160is puslapis yra kuriamas taip, kad jis b\u016bt\u0173 prieinamas visiems, ta\u010diau jei jums atsiranda problem\u0173, pra\u0161ome susisiekti su m\u016bsu komanda per Google. \n\n\u0160is puslapis yra kuriamas taip, kad jis b\u016bt\u0173 prieinamas visiems, ta\u010diau jei jums atsiranda problem\u0173, pra\u0161ome susisiekti su m\u016bsu komanda per Google. \n\n\u0160is puslapis yra kuriamas taip, kad jis b\u016bt\u0173 prieinamas visiems, ta\u010diau jei jums atsiranda problem\u0173, pra\u0161ome susisiekti su m\u016bsu komanda per Google. \n\n\u0160is puslapis yra kuriamas taip, kad jis b\u016bt\u0173 prieinamas visiems, ta\u010diau jei jums atsiranda problem\u0173, pra\u0161ome susisiekti su m\u016bsu komanda per Google. \n\n\u0160is puslapis yra kuriamas taip, kad jis b\u016bt\u0173 prieinamas visiems, ta\u010diau jei jums atsiranda problem\u0173, pra\u0161ome susisiekti su m\u016bsu komanda per Google. \n\n\u0160is puslapis yra kuriamas taip, kad jis b\u016bt\u0173 prieinamas visiems, ta\u010diau jei jums atsiranda problem\u0173, pra\u0161ome susisiekti su m\u016bsu komanda per Google. \n\n\u0160is puslapis yra kuriamas taip, kad jis b\u016bt\u0173 prieinamas visiems, ta\u010diau jei jums atsiranda problem\u0173, pra\u0161ome susisiekti su m\u016bsu komanda per Google. \n\n\u0160is puslapis yra kuriamas taip, kad jis b\u016bt\u0173 prieinamas visiems, ta\u010diau jei jums atsiranda problem\u0173, pra\u0161ome susisiekti su m\u016bsu komanda per Google. \n\n\u0160is puslapis yra kuriamas taip, kad jis b\u016bt\u0173 prieinamas visiems, ta\u010diau jei jums atsiranda problem\u0173, pra\u0161ome susisiekti su m\u016bsu komanda per Google. \n\n\u0160is puslapis yra kuriamas taip, kad jis b\u016bt\u0173 prieinamas visiems, ta\u010diau jei jums atsiranda problem\u0173, pra\u0161ome susisiekti su m\u016bsu komanda per Google. \n\n\u0160is puslapis yra kuriamas taip, kad jis b\u016bt\u0173 prieinamas visiems, ta\u010diau jei jums atsiranda problem\u0173, pra\u0161ome susisiekti su m\u016bsu komanda per Google. \n\n\u0160is puslapis yra kuriamas taip, kad jis b\u016bt\u0173 prieinamas visiems, ta\u010diau jei jums atsiranda problem\u0173, pra\u0161ome susisiekti su m\u016bsu komanda per Google. \n\n\u0160is puslapis yra kuriamas taip, kad jis b\u016bt\u0173 prieinamas visiems, ta\u010diau jei jums atsiranda problem\u0173, pra\u0161ome susisiekti su m\u016bsu komanda per Google. \n\n\u0160is puslapis yra kuriamas taip, kad jis b\u016bt\u0173 prieinamas visiems, ta\u010diau jei jums atsiranda problem\u0173, pra\u0161ome susisiekti su m\u016bsu komanda per Google. \n\n\u0160is puslapis yra kuriamas taip, kad jis b\u016bt\u0173 prieinamas visiems, ta\u010diau jei jums atsiranda problem\u0173, pra\u0161ome susisiekti su m\u016bsu komanda per Google. \n\n\u0160is puslapis yra kuriamas taip, kad jis b\u016bt\u0173 prieinamas visiems, ta\u010diau jei jums atsiranda problem\u0173, pra\u0161ome susisiekti su m\u016bsu komanda per Google. \n\n\u0160is puslapis yra kuriamas taip, kad jis b\u016bt\u0173 prieinamas visiems, ta\u010diau jei jums atsiranda problem\u0173, pra\u0161ome susisiekti su m\u016bsu komanda per Google. \n\n\u0160is puslapis yra kuriamas taip, kad jis b\u016bt\u0173 prieinamas visiems, ta\u010diau jei jums atsiranda problem\u0173, pra\u0161ome susisiekti su m\u016bsu komanda per Google. \n\n\u0160is puslapis yra kuriamas taip, kad jis b\u016bt\u0173 prieinamas visiems, ta\u010diau jei jums atsiranda problem\u0173, pra\u0161ome susisiekti su m\u016bsu komanda per Google. \n\n\u0160is puslapis yra kuriamas taip, kad jis b\u016bt\u0173 prieinamas visiems, ta\u010diau jei jums atsiranda problem\u0173, pra\u0161ome susisiekti su m\u016bsu komanda per Google. \n\n\u0160is puslapis yra kuriamas taip, kad jis b\u016bt\u0173 prieinamas visiems, ta\u010diau jei jums atsiranda problem\u0173, pra\u0161ome susisiekti su m\u016bsu komanda per Google. \n\n\u0160is puslapis yra kuriamas taip, kad jis b\u016bt\u0173 prieinamas visiems, ta\u010diau jei jums atsiranda problem\u0173, pra\u0161ome susisiekti su m\u016bsu komanda per Google","robots":{"index":"noindex","follow":"follow"},"og_locale":"lt_LT","og_type":"article","og_title":"Accessibility Statement | Petruskevich","og_description":"Accessibility statement for petruskevich.com","og_url":"https:\/\/dev.petruskevich.com\/lt\/accessibility\/","og_site_name":"Petruskevich Dev","og_image":[{"width":1024,"height":1024,"url":"https:\/\/dev.petruskevich.com\/wp-content\/uploads\/2026\/04\/og-image-petruskevich-1.jpg","type":"image\/jpeg"}],"twitter_card":"summary_large_image","twitter_image":"https:\/\/dev.petruskevich.com\/wp-content\/uploads\/2026\/04\/og-image-petruskevich.jpg","schema":{"@context":"https:\/\/schema.org","@graph":[{"@type":"WebPage","@id":"https:\/\/dev.petruskevich.com\/accessibility\/","url":"https:\/\/dev.petruskevich.com\/accessibility\/","name":"Prieigos prie\u017eastis | Petruskevi\u010dius","isPartOf":{"@id":"https:\/\/dev.petruskevich.com\/#website"},"datePublished":"2026-04-01T20:14:10+00:00","description":"Prieigos prie\u017evalgos petruskevich.com straipsnis. \n\n\u0160iame puslapyje pateikiama informacija apie petruskevich.com tinklo prieigos specifikacijas bei paslaugas, kurios yra skirtos prieigos problem\u0173 i\u0161spr\u0119sdimui. \n\n\u0160is puslapis yra kuriamas naudojant WordPress platform\u0105. \n\nPrieigos prie\u017evalgos \n\n\u0160is puslapis yra kuriamas taip, kad visi vartotojai gal\u0117t\u0173 naudotis jo funkcionalumis, ta\u010diau jei jums atsiranda problem\u0173, pra\u0161ome susisiekti su m\u016bsu komanda per WhatsApp. \n\n\u0160is puslapis yra kuriamas taip, kad jis b\u016bt\u0173 prieinamas visiems, ta\u010diau jei jums atsiranda problem\u0173, pra\u0161ome susisiekti su m\u016bsu komanda per Google. \n\n\u0160is puslapis yra kuriamas taip, kad jis b\u016bt\u0173 prieinamas visiems, ta\u010diau jei jums atsiranda problem\u0173, pra\u0161ome susisiekti su m\u016bsu komanda per Google. \n\n\u0160is puslapis yra kuriamas taip, kad jis b\u016bt\u0173 prieinamas visiems, ta\u010diau jei jums atsiranda problem\u0173, pra\u0161ome susisiekti su m\u016bsu komanda per Google. \n\n\u0160is puslapis yra kuriamas taip, kad jis b\u016bt\u0173 prieinamas visiems, ta\u010diau jei jums atsiranda problem\u0173, pra\u0161ome susisiekti su m\u016bsu komanda per Google. \n\n\u0160is puslapis yra kuriamas taip, kad jis b\u016bt\u0173 prieinamas visiems, ta\u010diau jei jums atsiranda problem\u0173, pra\u0161ome susisiekti su m\u016bsu komanda per Google. \n\n\u0160is puslapis yra kuriamas taip, kad jis b\u016bt\u0173 prieinamas visiems, ta\u010diau jei jums atsiranda problem\u0173, pra\u0161ome susisiekti su m\u016bsu komanda per Google. \n\n\u0160is puslapis yra kuriamas taip, kad jis b\u016bt\u0173 prieinamas visiems, ta\u010diau jei jums atsiranda problem\u0173, pra\u0161ome susisiekti su m\u016bsu komanda per Google. \n\n\u0160is puslapis yra kuriamas taip, kad jis b\u016bt\u0173 prieinamas visiems, ta\u010diau jei jums atsiranda problem\u0173, pra\u0161ome susisiekti su m\u016bsu komanda per Google. \n\n\u0160is puslapis yra kuriamas taip, kad jis b\u016bt\u0173 prieinamas visiems, ta\u010diau jei jums atsiranda problem\u0173, pra\u0161ome susisiekti su m\u016bsu komanda per Google. \n\n\u0160is puslapis yra kuriamas taip, kad jis b\u016bt\u0173 prieinamas visiems, ta\u010diau jei jums atsiranda problem\u0173, pra\u0161ome susisiekti su m\u016bsu komanda per Google. \n\n\u0160is puslapis yra kuriamas taip, kad jis b\u016bt\u0173 prieinamas visiems, ta\u010diau jei jums atsiranda problem\u0173, pra\u0161ome susisiekti su m\u016bsu komanda per Google. \n\n\u0160is puslapis yra kuriamas taip, kad jis b\u016bt\u0173 prieinamas visiems, ta\u010diau jei jums atsiranda problem\u0173, pra\u0161ome susisiekti su m\u016bsu komanda per Google. \n\n\u0160is puslapis yra kuriamas taip, kad jis b\u016bt\u0173 prieinamas visiems, ta\u010diau jei jums atsiranda problem\u0173, pra\u0161ome susisiekti su m\u016bsu komanda per Google. \n\n\u0160is puslapis yra kuriamas taip, kad jis b\u016bt\u0173 prieinamas visiems, ta\u010diau jei jums atsiranda problem\u0173, pra\u0161ome susisiekti su m\u016bsu komanda per Google. \n\n\u0160is puslapis yra kuriamas taip, kad jis b\u016bt\u0173 prieinamas visiems, ta\u010diau jei jums atsiranda problem\u0173, pra\u0161ome susisiekti su m\u016bsu komanda per Google. \n\n\u0160is puslapis yra kuriamas taip, kad jis b\u016bt\u0173 prieinamas visiems, ta\u010diau jei jums atsiranda problem\u0173, pra\u0161ome susisiekti su m\u016bsu komanda per Google. \n\n\u0160is puslapis yra kuriamas taip, kad jis b\u016bt\u0173 prieinamas visiems, ta\u010diau jei jums atsiranda problem\u0173, pra\u0161ome susisiekti su m\u016bsu komanda per Google. \n\n\u0160is puslapis yra kuriamas taip, kad jis b\u016bt\u0173 prieinamas visiems, ta\u010diau jei jums atsiranda problem\u0173, pra\u0161ome susisiekti su m\u016bsu komanda per Google. \n\n\u0160is puslapis yra kuriamas taip, kad jis b\u016bt\u0173 prieinamas visiems, ta\u010diau jei jums atsiranda problem\u0173, pra\u0161ome susisiekti su m\u016bsu komanda per Google. \n\n\u0160is puslapis yra kuriamas taip, kad jis b\u016bt\u0173 prieinamas visiems, ta\u010diau jei jums atsiranda problem\u0173, pra\u0161ome susisiekti su m\u016bsu komanda per Google. \n\n\u0160is puslapis yra kuriamas taip, kad jis b\u016bt\u0173 prieinamas visiems, ta\u010diau jei jums atsiranda problem\u0173, pra\u0161ome susisiekti su m\u016bsu komanda per Google. \n\n\u0160is puslapis yra kuriamas taip, kad jis b\u016bt\u0173 prieinamas visiems, ta\u010diau jei jums atsiranda problem\u0173, pra\u0161ome susisiekti su m\u016bsu komanda per Google. \n\n\u0160is puslapis yra kuriamas taip, kad jis b\u016bt\u0173 prieinamas visiems, ta\u010diau jei jums atsiranda problem\u0173, pra\u0161ome susisiekti su m\u016bsu komanda per Google. \n\n\u0160is puslapis yra kuriamas taip, kad jis b\u016bt\u0173 prieinamas visiems, ta\u010diau jei jums atsiranda problem\u0173, pra\u0161ome susisiekti su m\u016bsu komanda per Google. \n\n\u0160is puslapis yra kuriamas taip, kad jis b\u016bt\u0173 prieinamas visiems, ta\u010diau jei jums atsiranda problem\u0173, pra\u0161ome susisiekti su m\u016bsu komanda per Google. \n\n\u0160is puslapis yra kuriamas taip, kad jis b\u016bt\u0173 prieinamas visiems, ta\u010diau jei jums atsiranda problem\u0173, pra\u0161ome susisiekti su m\u016bsu komanda per Google. \n\n\u0160is puslapis yra kuriamas taip, kad jis b\u016bt\u0173 prieinamas visiems, ta\u010diau jei jums atsiranda problem\u0173, pra\u0161ome susisiekti su m\u016bsu komanda per Google. \n\n\u0160is puslapis yra kuriamas taip, kad jis b\u016bt\u0173 prieinamas visiems, ta\u010diau jei jums atsiranda problem\u0173, pra\u0161ome susisiekti su m\u016bsu komanda per Google. \n\n\u0160is puslapis yra kuriamas taip, kad jis b\u016bt\u0173 prieinamas visiems, ta\u010diau jei jums atsiranda problem\u0173, pra\u0161ome susisiekti su m\u016bsu komanda per Google","breadcrumb":{"@id":"https:\/\/dev.petruskevich.com\/accessibility\/#breadcrumb"},"inLanguage":"lt-LT","potentialAction":[{"@type":"ReadAction","target":["https:\/\/dev.petruskevich.com\/accessibility\/"]}]},{"@type":"BreadcrumbList","@id":"https:\/\/dev.petruskevich.com\/accessibility\/#breadcrumb","itemListElement":[{"@type":"ListItem","position":1,"name":"Home","item":"https:\/\/dev.petruskevich.com\/"},{"@type":"ListItem","position":2,"name":"Accessibility"}]},{"@type":"WebSite","@id":"https:\/\/dev.petruskevich.com\/#website","url":"https:\/\/dev.petruskevich.com\/","name":"14. Petruskevich Dev","description":"","potentialAction":[{"@type":"SearchAction","target":{"@type":"EntryPoint","urlTemplate":"https:\/\/dev.petruskevich.com\/?s={search_term_string}"},"query-input":{"@type":"PropertyValueSpecification","valueRequired":true,"valueName":"search_term_string"}}],"inLanguage":"lt-LT"}]}},"_links":{"self":[{"href":"https:\/\/dev.petruskevich.com\/lt\/wp-json\/wp\/v2\/pages\/15","targetHints":{"allow":["GET"]}}],"collection":[{"href":"https:\/\/dev.petruskevich.com\/lt\/wp-json\/wp\/v2\/pages"}],"about":[{"href":"https:\/\/dev.petruskevich.com\/lt\/wp-json\/wp\/v2\/types\/page"}],"replies":[{"embeddable":true,"href":"https:\/\/dev.petruskevich.com\/lt\/wp-json\/wp\/v2\/comments?post=15"}],"version-history":[{"count":0,"href":"https:\/\/dev.petruskevich.com\/lt\/wp-json\/wp\/v2\/pages\/15\/revisions"}],"wp:attachment":[{"href":"https:\/\/dev.petruskevich.com\/lt\/wp-json\/wp\/v2\/media?parent=15"}],"curies":[{"name":"WordPress","href":"https:\/\/api.w.org\/{rel}","templated":true}]}}