{"id":13,"date":"2026-04-01T20:14:08","date_gmt":"2026-04-01T20:14:08","guid":{"rendered":"https:\/\/dev.petruskevich.com\/?page_id=13"},"modified":"2026-04-01T20:14:08","modified_gmt":"2026-04-01T20:14:08","slug":"contact","status":"publish","type":"page","link":"https:\/\/dev.petruskevich.com\/lt\/contact\/","title":{"rendered":"Kontaktai"},"content":{"rendered":"","protected":false},"excerpt":{"rendered":"","protected":false},"author":0,"featured_media":0,"parent":0,"menu_order":0,"comment_status":"closed","ping_status":"closed","template":"templates\/template-contact.php","meta":{"_acf_changed":false,"footnotes":""},"class_list":["post-13","page","type-page","status-publish","hentry"],"acf":[],"yoast_head":"<!-- This site is optimized with the Yoast SEO plugin v27.3 - https:\/\/yoast.com\/product\/yoast-seo-wordpress\/ -->\n<title>Contact Petruskevich \u2014 Free Consultation | WhatsApp &amp; Email<\/title>\n<meta name=\"description\" content=\"Get in touch for a free consultation. WhatsApp: +972 53-330-4556. Email: info@petruskevich.com. Based in Harish, Israel. Sun-Thu 9-17.\" \/>\n<meta name=\"robots\" content=\"noindex, follow, max-snippet:-1, max-image-preview:large, max-video-preview:-1\" \/>\n<meta property=\"og:locale\" content=\"lt_LT\" \/>\n<meta property=\"og:type\" content=\"article\" \/>\n<meta property=\"og:title\" content=\"Contact Petruskevich \u2014 Free Consultation | WhatsApp &amp; Email\" \/>\n<meta property=\"og:description\" content=\"Get in touch for a free consultation. WhatsApp: +972 53-330-4556. Email: info@petruskevich.com. Based in Harish, Israel. Sun-Thu 9-17.\" \/>\n<meta property=\"og:url\" content=\"https:\/\/dev.petruskevich.com\/lt\/contact\/\" \/>\n<meta property=\"og:site_name\" content=\"Petruskevich Dev\" \/>\n<meta property=\"og:image\" content=\"https:\/\/dev.petruskevich.com\/wp-content\/uploads\/2026\/04\/og-image-petruskevich-1.jpg\" \/>\n\t<meta property=\"og:image:width\" content=\"1024\" \/>\n\t<meta property=\"og:image:height\" content=\"1024\" \/>\n\t<meta property=\"og:image:type\" content=\"image\/jpeg\" \/>\n<meta name=\"twitter:card\" content=\"summary_large_image\" \/>\n<meta name=\"twitter:image\" content=\"https:\/\/dev.petruskevich.com\/wp-content\/uploads\/2026\/04\/og-image-petruskevich.jpg\" \/>\n<script type=\"application\/ld+json\" class=\"yoast-schema-graph\">{\"@context\":\"https:\\\/\\\/schema.org\",\"@graph\":[{\"@type\":\"WebPage\",\"@id\":\"https:\\\/\\\/dev.petruskevich.com\\\/contact\\\/\",\"url\":\"https:\\\/\\\/dev.petruskevich.com\\\/contact\\\/\",\"name\":\"Contact Petruskevich \u2014 Free Consultation | WhatsApp & Email\",\"isPartOf\":{\"@id\":\"https:\\\/\\\/dev.petruskevich.com\\\/#website\"},\"datePublished\":\"2026-04-01T20:14:08+00:00\",\"description\":\"Get in touch for a free consultation. WhatsApp: +972 53-330-4556. Email: info@petruskevich.com. Based in Harish, Israel. Sun-Thu 9-17.\",\"breadcrumb\":{\"@id\":\"https:\\\/\\\/dev.petruskevich.com\\\/contact\\\/#breadcrumb\"},\"inLanguage\":\"lt-LT\",\"potentialAction\":[{\"@type\":\"ReadAction\",\"target\":[\"https:\\\/\\\/dev.petruskevich.com\\\/contact\\\/\"]}]},{\"@type\":\"BreadcrumbList\",\"@id\":\"https:\\\/\\\/dev.petruskevich.com\\\/contact\\\/#breadcrumb\",\"itemListElement\":[{\"@type\":\"ListItem\",\"position\":1,\"name\":\"Home\",\"item\":\"https:\\\/\\\/dev.petruskevich.com\\\/\"},{\"@type\":\"ListItem\",\"position\":2,\"name\":\"Contact\"}]},{\"@type\":\"WebSite\",\"@id\":\"https:\\\/\\\/dev.petruskevich.com\\\/#website\",\"url\":\"https:\\\/\\\/dev.petruskevich.com\\\/\",\"name\":\"Petruskevich Dev\",\"description\":\"\",\"potentialAction\":[{\"@type\":\"SearchAction\",\"target\":{\"@type\":\"EntryPoint\",\"urlTemplate\":\"https:\\\/\\\/dev.petruskevich.com\\\/?s={search_term_string}\"},\"query-input\":{\"@type\":\"PropertyValueSpecification\",\"valueRequired\":true,\"valueName\":\"search_term_string\"}}],\"inLanguage\":\"lt-LT\"}]}<\/script>\n<!-- \/ Yoast SEO plugin. -->","yoast_head_json":{"title":"Susisiekti su Petruskevi\u010dium \u2014 Nuo\u017eem\u0173j\u0173 konsultacij\u0173 be kainos | WhatsApp &amp; El. pa\u0161tas","description":"Susisiekite su m\u016bsu kontaktu u\u017esakymu be i\u0161laid\u0173. WhatsApp: +972 53-330-4556. El. pa\u0161tas: info@petruskevich.com. B\u016bsimas Harish, Izraelis. Savaitdagiais 9-17 val.","robots":{"index":"noindex","follow":"follow","max-snippet":"max-snippet:-1","max-image-preview":"max-image-preview:large","max-video-preview":"max-video-preview:-1"},"og_locale":"lt_LT","og_type":"article","og_title":"Contact Petruskevich \u2014 Free Consultation | WhatsApp & Email","og_description":"Get in touch for a free consultation. WhatsApp: +972 53-330-4556. Email: info@petruskevich.com. Based in Harish, Israel. Sun-Thu 9-17.","og_url":"https:\/\/dev.petruskevich.com\/lt\/contact\/","og_site_name":"Petruskevich Dev","og_image":[{"width":1024,"height":1024,"url":"https:\/\/dev.petruskevich.com\/wp-content\/uploads\/2026\/04\/og-image-petruskevich-1.jpg","type":"image\/jpeg"}],"twitter_card":"summary_large_image","twitter_image":"https:\/\/dev.petruskevich.com\/wp-content\/uploads\/2026\/04\/og-image-petruskevich.jpg","schema":{"@context":"https:\/\/schema.org","@graph":[{"@type":"WebPage","@id":"https:\/\/dev.petruskevich.com\/contact\/","url":"https:\/\/dev.petruskevich.com\/contact\/","name":"Susisiekti su Petruskevi\u010dium \u2014 Nuo\u017eem\u0173j\u0173 konsultacij\u0173 be kainos | WhatsApp &amp; El. pa\u0161tas","isPartOf":{"@id":"https:\/\/dev.petruskevich.com\/#website"},"datePublished":"2026-04-01T20:14:08+00:00","description":"Susisiekite su m\u016bsu kontaktu u\u017esakymu be i\u0161laid\u0173. WhatsApp: +972 53-330-4556. El. pa\u0161tas: info@petruskevich.com. B\u016bsimas Harish, Izraelis. Savaitdagiais 9-17 val.","breadcrumb":{"@id":"https:\/\/dev.petruskevich.com\/contact\/#breadcrumb"},"inLanguage":"lt-LT","potentialAction":[{"@type":"ReadAction","target":["https:\/\/dev.petruskevich.com\/contact\/"]}]},{"@type":"BreadcrumbList","@id":"https:\/\/dev.petruskevich.com\/contact\/#breadcrumb","itemListElement":[{"@type":"ListItem","position":1,"name":"Home","item":"https:\/\/dev.petruskevich.com\/"},{"@type":"ListItem","position":2,"name":"Contact"}]},{"@type":"WebSite","@id":"https:\/\/dev.petruskevich.com\/#website","url":"https:\/\/dev.petruskevich.com\/","name":"14. Petruskevich Dev","description":"","potentialAction":[{"@type":"SearchAction","target":{"@type":"EntryPoint","urlTemplate":"https:\/\/dev.petruskevich.com\/?s={search_term_string}"},"query-input":{"@type":"PropertyValueSpecification","valueRequired":true,"valueName":"search_term_string"}}],"inLanguage":"lt-LT"}]}},"_links":{"self":[{"href":"https:\/\/dev.petruskevich.com\/lt\/wp-json\/wp\/v2\/pages\/13","targetHints":{"allow":["GET"]}}],"collection":[{"href":"https:\/\/dev.petruskevich.com\/lt\/wp-json\/wp\/v2\/pages"}],"about":[{"href":"https:\/\/dev.petruskevich.com\/lt\/wp-json\/wp\/v2\/types\/page"}],"replies":[{"embeddable":true,"href":"https:\/\/dev.petruskevich.com\/lt\/wp-json\/wp\/v2\/comments?post=13"}],"version-history":[{"count":0,"href":"https:\/\/dev.petruskevich.com\/lt\/wp-json\/wp\/v2\/pages\/13\/revisions"}],"wp:attachment":[{"href":"https:\/\/dev.petruskevich.com\/lt\/wp-json\/wp\/v2\/media?parent=13"}],"curies":[{"name":"WordPress","href":"https:\/\/api.w.org\/{rel}","templated":true}]}}