{"id":12,"date":"2026-04-01T20:14:08","date_gmt":"2026-04-01T20:14:08","guid":{"rendered":"https:\/\/dev.petruskevich.com\/?page_id=12"},"modified":"2026-04-01T20:14:08","modified_gmt":"2026-04-01T20:14:08","slug":"faq","status":"publish","type":"page","link":"https:\/\/dev.petruskevich.com\/da\/faq\/","title":{"rendered":"FAQ"},"content":{"rendered":"","protected":false},"excerpt":{"rendered":"","protected":false},"author":0,"featured_media":0,"parent":0,"menu_order":0,"comment_status":"closed","ping_status":"closed","template":"templates\/template-faq.php","meta":{"_acf_changed":false,"footnotes":""},"class_list":["post-12","page","type-page","status-publish","hentry"],"acf":[],"yoast_head":"<!-- This site is optimized with the Yoast SEO plugin v27.3 - https:\/\/yoast.com\/product\/yoast-seo-wordpress\/ -->\n<title>FAQ \u2014 Common Questions About Our Services | Petruskevich<\/title>\n<meta name=\"description\" content=\"Find answers about our web development services, AI solutions, pricing, timelines, and support options.\" \/>\n<meta name=\"robots\" content=\"noindex, follow, max-snippet:-1, max-image-preview:large, max-video-preview:-1\" \/>\n<meta property=\"og:locale\" content=\"da_DK\" \/>\n<meta property=\"og:type\" content=\"article\" \/>\n<meta property=\"og:title\" content=\"FAQ \u2014 Common Questions About Our Services | Petruskevich\" \/>\n<meta property=\"og:description\" content=\"Find answers about our web development services, AI solutions, pricing, timelines, and support options.\" \/>\n<meta property=\"og:url\" content=\"https:\/\/dev.petruskevich.com\/da\/faq\/\" \/>\n<meta property=\"og:site_name\" content=\"Petruskevich Dev\" \/>\n<meta property=\"og:image\" content=\"https:\/\/dev.petruskevich.com\/wp-content\/uploads\/2026\/04\/og-image-petruskevich-1.jpg\" \/>\n\t<meta property=\"og:image:width\" content=\"1024\" \/>\n\t<meta property=\"og:image:height\" content=\"1024\" \/>\n\t<meta property=\"og:image:type\" content=\"image\/jpeg\" \/>\n<meta name=\"twitter:card\" content=\"summary_large_image\" \/>\n<meta name=\"twitter:image\" content=\"https:\/\/dev.petruskevich.com\/wp-content\/uploads\/2026\/04\/og-image-petruskevich.jpg\" \/>\n<script type=\"application\/ld+json\" class=\"yoast-schema-graph\">{\"@context\":\"https:\\\/\\\/schema.org\",\"@graph\":[{\"@type\":\"WebPage\",\"@id\":\"https:\\\/\\\/dev.petruskevich.com\\\/faq\\\/\",\"url\":\"https:\\\/\\\/dev.petruskevich.com\\\/faq\\\/\",\"name\":\"FAQ \u2014 Common Questions About Our Services | Petruskevich\",\"isPartOf\":{\"@id\":\"https:\\\/\\\/dev.petruskevich.com\\\/#website\"},\"datePublished\":\"2026-04-01T20:14:08+00:00\",\"description\":\"Find answers about our web development services, AI solutions, pricing, timelines, and support options.\",\"breadcrumb\":{\"@id\":\"https:\\\/\\\/dev.petruskevich.com\\\/faq\\\/#breadcrumb\"},\"inLanguage\":\"da-DK\",\"potentialAction\":[{\"@type\":\"ReadAction\",\"target\":[\"https:\\\/\\\/dev.petruskevich.com\\\/faq\\\/\"]}]},{\"@type\":\"BreadcrumbList\",\"@id\":\"https:\\\/\\\/dev.petruskevich.com\\\/faq\\\/#breadcrumb\",\"itemListElement\":[{\"@type\":\"ListItem\",\"position\":1,\"name\":\"Home\",\"item\":\"https:\\\/\\\/dev.petruskevich.com\\\/\"},{\"@type\":\"ListItem\",\"position\":2,\"name\":\"FAQ\"}]},{\"@type\":\"WebSite\",\"@id\":\"https:\\\/\\\/dev.petruskevich.com\\\/#website\",\"url\":\"https:\\\/\\\/dev.petruskevich.com\\\/\",\"name\":\"Petruskevich Dev\",\"description\":\"\",\"potentialAction\":[{\"@type\":\"SearchAction\",\"target\":{\"@type\":\"EntryPoint\",\"urlTemplate\":\"https:\\\/\\\/dev.petruskevich.com\\\/?s={search_term_string}\"},\"query-input\":{\"@type\":\"PropertyValueSpecification\",\"valueRequired\":true,\"valueName\":\"search_term_string\"}}],\"inLanguage\":\"da-DK\"}]}<\/script>\n<!-- \/ Yoast SEO plugin. -->","yoast_head_json":{"title":"FAQ - Almindelige Sp\u00f8rgsm\u00e5l Om Vores Tjenester | Petruskevich","description":"Find svar om vores webudviklings-tjenester, AI-l\u00f8sninger, priser, tidsplaner og supportmuligheder.","robots":{"index":"noindex","follow":"follow","max-snippet":"max-snippet:-1","max-image-preview":"max-image-preview:large","max-video-preview":"max-video-preview:-1"},"og_locale":"da_DK","og_type":"article","og_title":"FAQ \u2014 Common Questions About Our Services | Petruskevich","og_description":"Find answers about our web development services, AI solutions, pricing, timelines, and support options.","og_url":"https:\/\/dev.petruskevich.com\/da\/faq\/","og_site_name":"Petruskevich Dev","og_image":[{"width":1024,"height":1024,"url":"https:\/\/dev.petruskevich.com\/wp-content\/uploads\/2026\/04\/og-image-petruskevich-1.jpg","type":"image\/jpeg"}],"twitter_card":"summary_large_image","twitter_image":"https:\/\/dev.petruskevich.com\/wp-content\/uploads\/2026\/04\/og-image-petruskevich.jpg","schema":{"@context":"https:\/\/schema.org","@graph":[{"@type":"WebPage","@id":"https:\/\/dev.petruskevich.com\/faq\/","url":"https:\/\/dev.petruskevich.com\/faq\/","name":"FAQ - Almindelige Sp\u00f8rgsm\u00e5l Om Vores Tjenester | Petruskevich","isPartOf":{"@id":"https:\/\/dev.petruskevich.com\/#website"},"datePublished":"2026-04-01T20:14:08+00:00","description":"Find svar om vores webudviklings-tjenester, AI-l\u00f8sninger, priser, tidsplaner og supportmuligheder.","breadcrumb":{"@id":"https:\/\/dev.petruskevich.com\/faq\/#breadcrumb"},"inLanguage":"da-DK","potentialAction":[{"@type":"ReadAction","target":["https:\/\/dev.petruskevich.com\/faq\/"]}]},{"@type":"BreadcrumbList","@id":"https:\/\/dev.petruskevich.com\/faq\/#breadcrumb","itemListElement":[{"@type":"ListItem","position":1,"name":"Home","item":"https:\/\/dev.petruskevich.com\/"},{"@type":"ListItem","position":2,"name":"FAQ"}]},{"@type":"WebSite","@id":"https:\/\/dev.petruskevich.com\/#website","url":"https:\/\/dev.petruskevich.com\/","name":"Petruskevich Dev","description":"","potentialAction":[{"@type":"SearchAction","target":{"@type":"EntryPoint","urlTemplate":"https:\/\/dev.petruskevich.com\/?s={search_term_string}"},"query-input":{"@type":"PropertyValueSpecification","valueRequired":true,"valueName":"search_term_string"}}],"inLanguage":"da-DK"}]}},"_links":{"self":[{"href":"https:\/\/dev.petruskevich.com\/da\/wp-json\/wp\/v2\/pages\/12","targetHints":{"allow":["GET"]}}],"collection":[{"href":"https:\/\/dev.petruskevich.com\/da\/wp-json\/wp\/v2\/pages"}],"about":[{"href":"https:\/\/dev.petruskevich.com\/da\/wp-json\/wp\/v2\/types\/page"}],"replies":[{"embeddable":true,"href":"https:\/\/dev.petruskevich.com\/da\/wp-json\/wp\/v2\/comments?post=12"}],"version-history":[{"count":0,"href":"https:\/\/dev.petruskevich.com\/da\/wp-json\/wp\/v2\/pages\/12\/revisions"}],"wp:attachment":[{"href":"https:\/\/dev.petruskevich.com\/da\/wp-json\/wp\/v2\/media?parent=12"}],"curies":[{"name":"wp","href":"https:\/\/api.w.org\/{rel}","templated":true}]}}